{"id":248,"date":"2020-04-11T14:50:08","date_gmt":"2020-04-11T12:50:08","guid":{"rendered":"http:\/\/www.studone.net\/?page_id=248"},"modified":"2020-05-13T09:53:44","modified_gmt":"2020-05-13T07:53:44","slug":"livraison-et-retour","status":"publish","type":"page","link":"https:\/\/www.studone.net\/index.php\/livraison-et-retour\/","title":{"rendered":"Livraison et Retour"},"content":{"rendered":"\n<p>L\u2019exp\u00e9dition est gratuite pour toute commande sup\u00e9rieure \u00e0 200 \u20ac. <\/p>\n\n\n\n<p>Pour les commandes inf\u00e9rieures \u00e0 ce montant, nous proposons un tarif simple et unique sans devoir vous soucier du poids de voire des articles command\u00e9s.<\/p>\n\n\n\n<p>Le tarif exp\u00e9dition en France est de 10\u20ac.<\/p>\n\n\n\n<p>Le dur\u00e9e de livraison moyenne estim\u00e9e est de 3 jours ouvr\u00e9s.<\/p>\n\n\n\n<p>Vous serez tenu inform\u00e9 par e-mail ( confirmation de votre commande puis du d\u00e9part de l\u2019exp\u00e9dition ).<\/p>\n\n\n\n<p>S\u2019agissant d\u2019un d\u00e9lai moyen en fonction de la destination et de la disponibilit\u00e9 de l\u2019article. Le d\u00e9passement de ce d\u00e9lai ne peut donner lieu \u00e0 aucune annulation de la commande, \u00e0 aucune r\u00e9duction du prix pay\u00e9 par l\u2019acheteur et \u00e0 aucun versement au titre de dommages et int\u00e9rets.<\/p>\n\n\n\n<p>Les exp\u00e9ditions hors France M\u00e9tropolitaine font l\u2019objet d\u2019une tarification sp\u00e9cifique fonction du poids et de la zone pays o\u00f9 la commande est envoy\u00e9e. Les d\u00e9lais de livraison se voulant dans ce cas l\u00e0 bien \u00e9videmment rallong\u00e9s.<\/p>\n\n\n\n<p>Stud Innovation se r\u00e9serve la possibilit\u00e9 de modifier et de s\u00e9lectionner le mode d \u2019exp\u00e9dition pour des raisons de d\u00e9lais, de poids, et de valeur de la commande. La s\u00e9l\u00e9ction d\u2019un mode d\u2019exp\u00e9dition par Stud Innovation ne peut en aucun cas remettre en cause le versement de la participation forfaitaire de l\u2019acheteur aux frais d\u2019exp\u00e9dition, calcul\u00e9e en fonction du transporteur et du pays o\u00f9 l\u2019acheteur r\u00e9side.<\/p>\n\n\n\n<p>Les risques li\u00e9s au transport sont support\u00e9s par l\u2019Exp\u00e9diteur avec pour condition que l\u2019acheteur ait v\u00e9rifi\u00e9 les marchandises \u00e0 l\u2019arriv\u00e9e et ait exerc\u00e9, si il y avait lieu de le faire, ses recours aupr\u00e8s de l\u2019Exp\u00e9diteur sous d\u00e9lai 48h. m\u00eame en cas d\u2019exp\u00e9dition franco de port. Dans l\u2019\u00e9ventualit\u00e9 de prises de r\u00e9serves par l\u2019acheteur \u00e0 r\u00e9ception de sa marchandise, l\u2019acheteur se doit de les confirmer \u00e0 l\u2019Exp\u00e9diteur ( Stud Innovatio n ) via courrier recommand\u00e9 voire email au plus tard dans les deux jours ouvrables suivants la r\u00e9ception.<\/p>\n\n\n\n<p>Dans le cas d\u2019une perte de colis lors du transport, les d\u00e9lais d\u2019enqu\u00eate peuvent varier selon les transporteurs et prendre de une \u00e0 huit semaine.<\/p>\n\n\n\n<p><strong>RETOUR<\/strong><\/p>\n\n\n\n<p>Vous \u00eates tout \u00e0 fait en droit de ne pas aimer, de vous tromper voire de vouloir \u00e9changer. Si vous n\u2019\u00eates pas totalement satisfait de votre achat, vous pouvez retourner votre, vos articles dans les 14 jours suivant la date de livraison.<\/p>\n\n\n\n<p>Les frais de retour sont enti\u00e8rement \u00e0 la charge du client.<\/p>\n\n\n\n<p>Pour b\u00e9n\u00e9ficier d\u2019un retour \u00e9change gratuit, il vous suffit de nous en faire la demande explicite ( hors articles soumis \u00e0 une p\u00e9riode promotionnelle de type Solde, Vente VIP, Vente Promotionnelle ) via notre rubrique contact ou notre adresse mail : contact@studinnovation.fr<\/p>\n\n\n\n<p>Nous nous engageons \u00e0 traiter votre demande d\u2019\u00e9change dans les 72h ouvr\u00e9es, remboursement sous 30 jours apr\u00e8s r\u00e9ception de votre retour produit sous r\u00e9serve que celui-ci nous ait \u00e9t\u00e9 retourn\u00e9 dans son Strict Etat d\u2019Origine ( Etiquettes et Emballage compris ).<\/p>\n\n\n\n<p>Place \u00e0 vos Achats en toute S\u00e9r\u00e9nit\u00e9 sur La Boutique Stud One&#8230;<\/p>\n\n\n\n<p><\/p>\n","protected":false},"excerpt":{"rendered":"<p>L\u2019exp\u00e9dition est gratuite pour toute commande sup\u00e9rieure \u00e0 200 \u20ac. Pour les commandes inf\u00e9rieures \u00e0 ce montant, nous proposons un tarif simple et unique sans devoir vous soucier du poids de voire des articles command\u00e9s. Le tarif exp\u00e9dition en France est de 10\u20ac. Le dur\u00e9e de livraison moyenne estim\u00e9e est de 3 jours ouvr\u00e9s. Vous <\/p>\n","protected":false},"author":1,"featured_media":0,"parent":0,"menu_order":0,"comment_status":"closed","ping_status":"closed","template":"","meta":{"footnotes":""},"_links":{"self":[{"href":"https:\/\/www.studone.net\/index.php\/wp-json\/wp\/v2\/pages\/248"}],"collection":[{"href":"https:\/\/www.studone.net\/index.php\/wp-json\/wp\/v2\/pages"}],"about":[{"href":"https:\/\/www.studone.net\/index.php\/wp-json\/wp\/v2\/types\/page"}],"author":[{"embeddable":true,"href":"https:\/\/www.studone.net\/index.php\/wp-json\/wp\/v2\/users\/1"}],"replies":[{"embeddable":true,"href":"https:\/\/www.studone.net\/index.php\/wp-json\/wp\/v2\/comments?post=248"}],"version-history":[{"count":4,"href":"https:\/\/www.studone.net\/index.php\/wp-json\/wp\/v2\/pages\/248\/revisions"}],"predecessor-version":[{"id":369,"href":"https:\/\/www.studone.net\/index.php\/wp-json\/wp\/v2\/pages\/248\/revisions\/369"}],"wp:attachment":[{"href":"https:\/\/www.studone.net\/index.php\/wp-json\/wp\/v2\/media?parent=248"}],"curies":[{"name":"wp","href":"https:\/\/api.w.org\/{rel}","templated":true}]}}