{"id":532,"date":"2020-11-28T16:43:29","date_gmt":"2020-11-28T15:43:29","guid":{"rendered":"http:\/\/www.studone.net\/?post_type=product&#038;p=532"},"modified":"2025-12-12T16:22:23","modified_gmt":"2025-12-12T15:22:23","slug":"etrivieres-s-evo-bleues","status":"publish","type":"product","link":"https:\/\/www.studone.net\/index.php\/produit\/etrivieres-s-evo-bleues\/","title":{"rendered":"Etrivi\u00e8res Pro. Evo* Bleues"},"content":{"rendered":"<p>Un produit iconique, incontestablement haut de gamme !.. pour tous les amoureux du tr\u00e8s beau travail \u00e0 la Fran\u00e7aise qui se respecte.<br \/>\nFabriqu\u00e9 \u00e0 partir d\u2019une mati\u00e8re s\u00e9lection Pvc et d&rsquo;un tout Nouveau <strong>Biothane US<\/strong>.<br \/>\nTr\u00e8s soigneusement travaill\u00e9 \u00e0 la main par une artisan selli\u00e8re du Sud-Ouest de la France.<br \/>\nFinesse, Confort extr\u00eame, grande r\u00e9sistance &amp; facilit\u00e9 d\u2019entretien.<\/p>\n","protected":false},"excerpt":{"rendered":"<p>\u00catre super Pro !..<br \/>\nMati\u00e8re s\u00e9lection course &amp; Nouveau <strong>Biothane US<\/strong><br \/>\nLargeur 65mm \u2013 Fil de coutures Bleu.<br \/>\nBouclerie Inox.<\/p>\n","protected":false},"featured_media":552,"comment_status":"open","ping_status":"closed","template":"","meta":[],"product_cat":[41],"product_tag":[],"_links":{"self":[{"href":"https:\/\/www.studone.net\/index.php\/wp-json\/wp\/v2\/product\/532"}],"collection":[{"href":"https:\/\/www.studone.net\/index.php\/wp-json\/wp\/v2\/product"}],"about":[{"href":"https:\/\/www.studone.net\/index.php\/wp-json\/wp\/v2\/types\/product"}],"replies":[{"embeddable":true,"href":"https:\/\/www.studone.net\/index.php\/wp-json\/wp\/v2\/comments?post=532"}],"wp:featuredmedia":[{"embeddable":true,"href":"https:\/\/www.studone.net\/index.php\/wp-json\/wp\/v2\/media\/552"}],"wp:attachment":[{"href":"https:\/\/www.studone.net\/index.php\/wp-json\/wp\/v2\/media?parent=532"}],"wp:term":[{"taxonomy":"product_cat","embeddable":true,"href":"https:\/\/www.studone.net\/index.php\/wp-json\/wp\/v2\/product_cat?post=532"},{"taxonomy":"product_tag","embeddable":true,"href":"https:\/\/www.studone.net\/index.php\/wp-json\/wp\/v2\/product_tag?post=532"}],"curies":[{"name":"wp","href":"https:\/\/api.w.org\/{rel}","templated":true}]}}